{"id":1136,"date":"2018-03-22T15:17:03","date_gmt":"2018-03-22T15:17:03","guid":{"rendered":"https:\/\/vakuumtec.de\/references"},"modified":"2019-03-26T16:23:58","modified_gmt":"2019-03-26T16:23:58","slug":"references","status":"publish","type":"page","link":"https:\/\/vakuumtec.de\/en\/references","title":{"rendered":"References"},"content":{"rendered":"<p>&nbsp;<\/p>\n<ul class=\"referenzliste\">\n<li>Fischer Analytics<\/li>\n<li>4SC AG<\/li>\n<li>Bayer. Landesamt f\u00fcr Gesundheit und Lebensmittelsicherheit<\/li>\n<li>Bio-Rad Serotec GmbH<\/li>\n<li>BIOLAB Umweltanalysen GmbH<\/li>\n<li>BioNTech AG<\/li>\n<li>Bioregeneration GmbH<\/li>\n<li>Dr. Eberhard &amp; Partner<\/li>\n<li>D\u00fcnnschicht-Technik GmbH<\/li>\n<li>Evotec AG<\/li>\n<li>FIW M\u00fcnchen<\/li>\n<li>Fraunhofer ISC<\/li>\n<li>Hochschule Landshut<\/li>\n<li>Hochschule Mannheim<\/li>\n<li>Hochschule M\u00fcnchen<\/li>\n<li>Hochschule N\u00fcrnberg<\/li>\n<li>HTV Conservation GmbH<\/li>\n<li>HWI Analytik GmbH<\/li>\n<li>InnoLas Solution GmbH<\/li>\n<li>Kohler GmbH &amp; Co.KG<\/li>\n<li>Laborfachhandel M\u00fcller<\/li>\n<li>Max Rubner-Institut<\/li>\n<li>MVZ Labor Ludwigsburg GbR<\/li>\n<li>Nanion Technologies GmbH<\/li>\n<li>NATECO2 GmbH und Co. KG<\/li>\n<li>Origenis<\/li>\n<li>Otto Klobe &amp; Sohn GmbH<\/li>\n<li>PromoCell GmbH<\/li>\n<li>ReGas<\/li>\n<li>Scherdel GmbH<\/li>\n<li>SCHOTT AG<\/li>\n<li>Sonopress GmbH<\/li>\n<li>TU Berlin<\/li>\n<li>TUM M\u00fcnchen<\/li>\n<li>T\u00dcV Rheinland AG<\/li>\n<li>T\u00dcV S\u00dcD AG<\/li>\n<li>Universit\u00e4t K\u00f6ln<\/li>\n<li>Universit\u00e4t Siegen<\/li>\n<li>Varioprint AG<\/li>\n<li>W. L. Gore &amp; Associates GmbH<\/li>\n<li>Xellutec GmbH<\/li>\n<li>Zeppelin Baumaschinen GmbH<\/li>\n<\/ul>\n","protected":false},"excerpt":{"rendered":"<p>&nbsp; Fischer Analytics 4SC AG Bayer. Landesamt f\u00fcr Gesundheit und Lebensmittelsicherheit Bio-Rad Serotec GmbH BIOLAB Umweltanalysen GmbH BioNTech AG Bioregeneration GmbH Dr. Eberhard &amp; Partner D\u00fcnnschicht-Technik GmbH Evotec AG FIW M\u00fcnchen Fraunhofer ISC Hochschule Landshut Hochschule Mannheim Hochschule M\u00fcnchen Hochschule N\u00fcrnberg HTV Conservation GmbH HWI Analytik GmbH InnoLas Solution GmbH Kohler GmbH &amp; Co.KG Laborfachhandel M\u00fcller Max Rubner-Institut MVZ Labor &#8230; <\/p>\n<div><a href=\"https:\/\/vakuumtec.de\/en\/references\" class=\"more-link\">Read More<\/a><\/div>\n","protected":false},"author":1,"featured_media":0,"parent":0,"menu_order":0,"comment_status":"closed","ping_status":"closed","template":"","meta":{"_acf_changed":false,"_coblocks_attr":"","_coblocks_dimensions":"","_coblocks_responsive_height":"","_coblocks_accordion_ie_support":"","_uag_custom_page_level_css":"","footnotes":""},"class_list":["post-1136","page","type-page","status-publish","hentry","no-post-thumbnail"],"acf":[],"yoast_head":"<!-- This site is optimized with the Yoast SEO plugin v27.2 - https:\/\/yoast.com\/product\/yoast-seo-wordpress\/ -->\n<title>References - Vakuumtec Pumpenservice<\/title>\n<meta name=\"description\" content=\"Vakuumtec Pumpenservice - Als freier und unabh\u00e4ngiger Servicepartner von Vakuumpumpen und -komponenten bieten wir Ihnen Service, Wartung und Verkauf von Vakuumtechnik an.\" \/>\n<meta name=\"robots\" content=\"index, follow, max-snippet:-1, max-image-preview:large, max-video-preview:-1\" \/>\n<link rel=\"canonical\" href=\"https:\/\/vakuumtec.de\/en\/references\" \/>\n<meta property=\"og:locale\" content=\"en_US\" \/>\n<meta property=\"og:type\" content=\"article\" \/>\n<meta property=\"og:title\" content=\"References - Vakuumtec Pumpenservice\" \/>\n<meta property=\"og:description\" content=\"Vakuumtec Pumpenservice - Als freier und unabh\u00e4ngiger Servicepartner von Vakuumpumpen und -komponenten bieten wir Ihnen Service, Wartung und Verkauf von Vakuumtechnik an.\" \/>\n<meta property=\"og:url\" content=\"https:\/\/vakuumtec.de\/en\/references\" \/>\n<meta property=\"og:site_name\" content=\"Vakuumtec Pumpenservice\" \/>\n<meta property=\"article:modified_time\" content=\"2019-03-26T16:23:58+00:00\" \/>\n<meta name=\"twitter:card\" content=\"summary_large_image\" \/>\n<meta name=\"twitter:label1\" content=\"Est. reading time\" \/>\n\t<meta name=\"twitter:data1\" content=\"1 minute\" \/>\n<script type=\"application\/ld+json\" class=\"yoast-schema-graph\">{\"@context\":\"https:\/\/schema.org\",\"@graph\":[{\"@type\":\"WebPage\",\"@id\":\"https:\/\/vakuumtec.de\/en\/references\",\"url\":\"https:\/\/vakuumtec.de\/en\/references\",\"name\":\"References - Vakuumtec Pumpenservice\",\"isPartOf\":{\"@id\":\"https:\/\/vakuumtec.de\/en#website\"},\"datePublished\":\"2018-03-22T15:17:03+00:00\",\"dateModified\":\"2019-03-26T16:23:58+00:00\",\"description\":\"Vakuumtec Pumpenservice - Als freier und unabh\u00e4ngiger Servicepartner von Vakuumpumpen und -komponenten bieten wir Ihnen Service, Wartung und Verkauf von Vakuumtechnik an.\",\"breadcrumb\":{\"@id\":\"https:\/\/vakuumtec.de\/en\/references#breadcrumb\"},\"inLanguage\":\"en-US\",\"potentialAction\":[{\"@type\":\"ReadAction\",\"target\":[\"https:\/\/vakuumtec.de\/en\/references\"]}]},{\"@type\":\"BreadcrumbList\",\"@id\":\"https:\/\/vakuumtec.de\/en\/references#breadcrumb\",\"itemListElement\":[{\"@type\":\"ListItem\",\"position\":1,\"name\":\"Home\",\"item\":\"https:\/\/vakuumtec.de\/en\"},{\"@type\":\"ListItem\",\"position\":2,\"name\":\"References\"}]},{\"@type\":\"WebSite\",\"@id\":\"https:\/\/vakuumtec.de\/en#website\",\"url\":\"https:\/\/vakuumtec.de\/en\",\"name\":\"Vakuumtec Pumpenservice\",\"description\":\"Vakuumtec Pumpenservice\",\"publisher\":{\"@id\":\"https:\/\/vakuumtec.de\/en#organization\"},\"potentialAction\":[{\"@type\":\"SearchAction\",\"target\":{\"@type\":\"EntryPoint\",\"urlTemplate\":\"https:\/\/vakuumtec.de\/en?s={search_term_string}\"},\"query-input\":{\"@type\":\"PropertyValueSpecification\",\"valueRequired\":true,\"valueName\":\"search_term_string\"}}],\"inLanguage\":\"en-US\"},{\"@type\":\"Organization\",\"@id\":\"https:\/\/vakuumtec.de\/en#organization\",\"name\":\"Vakuumtec Pumpenservice\",\"url\":\"https:\/\/vakuumtec.de\/en\",\"logo\":{\"@type\":\"ImageObject\",\"inLanguage\":\"en-US\",\"@id\":\"https:\/\/vakuumtec.de\/en#\/schema\/logo\/image\/\",\"url\":\"https:\/\/vakuumtec.de\/wp-content\/uploads\/2020\/01\/Vakuumtec_Pumpenservice_Logo.png\",\"contentUrl\":\"https:\/\/vakuumtec.de\/wp-content\/uploads\/2020\/01\/Vakuumtec_Pumpenservice_Logo.png\",\"width\":1170,\"height\":183,\"caption\":\"Vakuumtec Pumpenservice\"},\"image\":{\"@id\":\"https:\/\/vakuumtec.de\/en#\/schema\/logo\/image\/\"}}]}<\/script>\n<!-- \/ Yoast SEO plugin. -->","yoast_head_json":{"title":"References - Vakuumtec Pumpenservice","description":"Vakuumtec Pumpenservice - Als freier und unabh\u00e4ngiger Servicepartner von Vakuumpumpen und -komponenten bieten wir Ihnen Service, Wartung und Verkauf von Vakuumtechnik an.","robots":{"index":"index","follow":"follow","max-snippet":"max-snippet:-1","max-image-preview":"max-image-preview:large","max-video-preview":"max-video-preview:-1"},"canonical":"https:\/\/vakuumtec.de\/en\/references","og_locale":"en_US","og_type":"article","og_title":"References - Vakuumtec Pumpenservice","og_description":"Vakuumtec Pumpenservice - Als freier und unabh\u00e4ngiger Servicepartner von Vakuumpumpen und -komponenten bieten wir Ihnen Service, Wartung und Verkauf von Vakuumtechnik an.","og_url":"https:\/\/vakuumtec.de\/en\/references","og_site_name":"Vakuumtec Pumpenservice","article_modified_time":"2019-03-26T16:23:58+00:00","twitter_card":"summary_large_image","twitter_misc":{"Est. reading time":"1 minute"},"schema":{"@context":"https:\/\/schema.org","@graph":[{"@type":"WebPage","@id":"https:\/\/vakuumtec.de\/en\/references","url":"https:\/\/vakuumtec.de\/en\/references","name":"References - Vakuumtec Pumpenservice","isPartOf":{"@id":"https:\/\/vakuumtec.de\/en#website"},"datePublished":"2018-03-22T15:17:03+00:00","dateModified":"2019-03-26T16:23:58+00:00","description":"Vakuumtec Pumpenservice - Als freier und unabh\u00e4ngiger Servicepartner von Vakuumpumpen und -komponenten bieten wir Ihnen Service, Wartung und Verkauf von Vakuumtechnik an.","breadcrumb":{"@id":"https:\/\/vakuumtec.de\/en\/references#breadcrumb"},"inLanguage":"en-US","potentialAction":[{"@type":"ReadAction","target":["https:\/\/vakuumtec.de\/en\/references"]}]},{"@type":"BreadcrumbList","@id":"https:\/\/vakuumtec.de\/en\/references#breadcrumb","itemListElement":[{"@type":"ListItem","position":1,"name":"Home","item":"https:\/\/vakuumtec.de\/en"},{"@type":"ListItem","position":2,"name":"References"}]},{"@type":"WebSite","@id":"https:\/\/vakuumtec.de\/en#website","url":"https:\/\/vakuumtec.de\/en","name":"Vakuumtec Pumpenservice","description":"Vakuumtec Pumpenservice","publisher":{"@id":"https:\/\/vakuumtec.de\/en#organization"},"potentialAction":[{"@type":"SearchAction","target":{"@type":"EntryPoint","urlTemplate":"https:\/\/vakuumtec.de\/en?s={search_term_string}"},"query-input":{"@type":"PropertyValueSpecification","valueRequired":true,"valueName":"search_term_string"}}],"inLanguage":"en-US"},{"@type":"Organization","@id":"https:\/\/vakuumtec.de\/en#organization","name":"Vakuumtec Pumpenservice","url":"https:\/\/vakuumtec.de\/en","logo":{"@type":"ImageObject","inLanguage":"en-US","@id":"https:\/\/vakuumtec.de\/en#\/schema\/logo\/image\/","url":"https:\/\/vakuumtec.de\/wp-content\/uploads\/2020\/01\/Vakuumtec_Pumpenservice_Logo.png","contentUrl":"https:\/\/vakuumtec.de\/wp-content\/uploads\/2020\/01\/Vakuumtec_Pumpenservice_Logo.png","width":1170,"height":183,"caption":"Vakuumtec Pumpenservice"},"image":{"@id":"https:\/\/vakuumtec.de\/en#\/schema\/logo\/image\/"}}]}},"uagb_featured_image_src":{"full":false,"thumbnail":false,"medium":false,"medium_large":false,"large":false,"1536x1536":false,"2048x2048":false,"post-thumbnail":false,"entry":false,"entry-cropped":false,"entry-fullwidth":false,"entry-cropped-fullwidth":false},"uagb_author_info":{"display_name":"VakuAdmin","author_link":"https:\/\/vakuumtec.de\/en\/author\/vakuadmin"},"uagb_comment_info":0,"uagb_excerpt":"&nbsp; Fischer Analytics 4SC AG Bayer. Landesamt f\u00fcr Gesundheit und Lebensmittelsicherheit Bio-Rad Serotec GmbH BIOLAB Umweltanalysen GmbH BioNTech AG Bioregeneration GmbH Dr. Eberhard &amp; Partner D\u00fcnnschicht-Technik GmbH Evotec AG FIW M\u00fcnchen Fraunhofer ISC Hochschule Landshut Hochschule Mannheim Hochschule M\u00fcnchen Hochschule N\u00fcrnberg HTV Conservation GmbH HWI Analytik GmbH InnoLas Solution GmbH Kohler GmbH &amp; Co.KG Laborfachhandel&hellip;","_links":{"self":[{"href":"https:\/\/vakuumtec.de\/en\/wp-json\/wp\/v2\/pages\/1136","targetHints":{"allow":["GET"]}}],"collection":[{"href":"https:\/\/vakuumtec.de\/en\/wp-json\/wp\/v2\/pages"}],"about":[{"href":"https:\/\/vakuumtec.de\/en\/wp-json\/wp\/v2\/types\/page"}],"author":[{"embeddable":true,"href":"https:\/\/vakuumtec.de\/en\/wp-json\/wp\/v2\/users\/1"}],"replies":[{"embeddable":true,"href":"https:\/\/vakuumtec.de\/en\/wp-json\/wp\/v2\/comments?post=1136"}],"version-history":[{"count":0,"href":"https:\/\/vakuumtec.de\/en\/wp-json\/wp\/v2\/pages\/1136\/revisions"}],"wp:attachment":[{"href":"https:\/\/vakuumtec.de\/en\/wp-json\/wp\/v2\/media?parent=1136"}],"curies":[{"name":"wp","href":"https:\/\/api.w.org\/{rel}","templated":true}]}}